{"id":166,"date":"2018-09-09T18:13:27","date_gmt":"2018-09-09T16:13:27","guid":{"rendered":"http:\/\/taichineuillysurmarne.fr\/?page_id=166"},"modified":"2025-09-03T22:52:21","modified_gmt":"2025-09-03T20:52:21","slug":"informations","status":"publish","type":"page","link":"https:\/\/taichineuillysurmarne.fr\/?page_id=166","title":{"rendered":"Informations"},"content":{"rendered":"<h4 style=\"text-align: center;\"><strong>R\u00c9CAPITULATIF DES COURS DE LA RENTR\u00c9E<\/strong><\/h4>\n<h4 style=\"text-align: center;\"><strong>Saison 2025 \u2013 2026<\/strong><\/h4>\n<h4 style=\"text-align: center;\"><strong>Les cours reprennent la semaine du 15 Septembre 2025<\/strong><\/h4>\n<p><strong>\u00a0<\/strong><\/p>\n<p><strong><u>Ecole des Fleurs 4 et 6 Rue de la Lib\u00e9ration<\/u><\/strong><\/p>\n<ul>\n<li>Tai chi (interm\u00e9diaires) : Le lundi 19h30 \u00e0 20h30<\/li>\n<li>Qi Gong\u00a0: Le mercredi de 19h00 \u00e019h45<\/li>\n<li>Tai chi\u00a0: Le mercredi 20h00 \u00e0 20h45<\/li>\n<li>Tai chi : Le jeudi (d\u00e9butants) de 19h00 \u00e0 19h45<\/li>\n<li>Tai chi : Le jeudi (2\u00e9me ann\u00e9e) de 20h00 \u00e0 20h45<\/li>\n<\/ul>\n<p><strong><u>Gymnase Lionel Grossain Place Fran\u00e7ois Mauriac<\/u><\/strong><\/p>\n<ul>\n<li>Le mardi Qi Gong (ouvert \u00e0 tous) de 10h00 \u00e0 10h45<\/li>\n<li>Le mardi de 11h00 \u00e0 12h00 (confirm\u00e9s) Le grand enchainement et la forme de d\u00e9monstration<\/li>\n<\/ul>\n<p><strong>Prix\u00a0:<\/strong><\/p>\n<ul>\n<li>Adh\u00e9sion 30\u20ac<\/li>\n<li>Cours de Tai chi\u00a0: 55\u20ac par trimestre<\/li>\n<li>Cours de Qi Gong\u00a0: 35\u20ac par trimestre<\/li>\n<li>72\u20ac pour les deux disciplines<\/li>\n<\/ul>\n\n\n<p><\/p>\n","protected":false},"excerpt":{"rendered":"<p>R\u00c9CAPITULATIF DES COURS DE LA RENTR\u00c9E Saison 2025 \u2013 2026 Les cours reprennent la semaine du 15 Septembre 2025 \u00a0 Ecole des Fleurs 4 et 6 Rue de la Lib\u00e9ration Tai chi (interm\u00e9diaires) : Le lundi 19h30 \u00e0 20h30 Qi Gong\u00a0: Le mercredi de 19h00 \u00e019h45 Tai chi\u00a0: Le mercredi 20h00 \u00e0 20h45 Tai chi [&hellip;]<\/p>\n","protected":false},"author":1,"featured_media":0,"parent":0,"menu_order":1,"comment_status":"closed","ping_status":"closed","template":"","meta":{"footnotes":""},"class_list":["post-166","page","type-page","status-publish","hentry"],"_links":{"self":[{"href":"https:\/\/taichineuillysurmarne.fr\/index.php?rest_route=\/wp\/v2\/pages\/166"}],"collection":[{"href":"https:\/\/taichineuillysurmarne.fr\/index.php?rest_route=\/wp\/v2\/pages"}],"about":[{"href":"https:\/\/taichineuillysurmarne.fr\/index.php?rest_route=\/wp\/v2\/types\/page"}],"author":[{"embeddable":true,"href":"https:\/\/taichineuillysurmarne.fr\/index.php?rest_route=\/wp\/v2\/users\/1"}],"replies":[{"embeddable":true,"href":"https:\/\/taichineuillysurmarne.fr\/index.php?rest_route=%2Fwp%2Fv2%2Fcomments&post=166"}],"version-history":[{"count":27,"href":"https:\/\/taichineuillysurmarne.fr\/index.php?rest_route=\/wp\/v2\/pages\/166\/revisions"}],"predecessor-version":[{"id":983,"href":"https:\/\/taichineuillysurmarne.fr\/index.php?rest_route=\/wp\/v2\/pages\/166\/revisions\/983"}],"wp:attachment":[{"href":"https:\/\/taichineuillysurmarne.fr\/index.php?rest_route=%2Fwp%2Fv2%2Fmedia&parent=166"}],"curies":[{"name":"wp","href":"https:\/\/api.w.org\/{rel}","templated":true}]}}