{"id":43,"date":"2017-07-07T16:30:49","date_gmt":"2017-07-07T14:30:49","guid":{"rendered":"http:\/\/taichineuillysurmarne.fr\/?page_id=43"},"modified":"2023-09-20T11:41:04","modified_gmt":"2023-09-20T09:41:04","slug":"qi-gong","status":"publish","type":"page","link":"https:\/\/taichineuillysurmarne.fr\/?page_id=43","title":{"rendered":"Le Qi Gong"},"content":{"rendered":"<p>Le Qi Gong est une pratique corporelle \u2013 pratique de sant\u00e9- issue de la tradition chinoise. Nous pouvons traduire QI par \u00ab\u00a0souffle, \u00e9nergie\u00a0\u00bb et GONG par \u00ab\u00a0ma\u00eetrise, accomplissement\u00a0\u00bb.<\/p>\n<p>Il prend en compte l\u2019individu dans sa globalit\u00e9, au niveau corps\/esprit tout en le repla\u00e7ant dans son environnement.<\/p>\n<p>Le Qi Gong est accessible \u00e0 tous. Il peut \u00eatre envisag\u00e9 en tant que pratique de sant\u00e9 dans une optique pr\u00e9ventive, en compl\u00e9ment aux arts martiaux internes et externes ou en d\u00e9veloppement personnel. Il viendra aussi enrichir d\u2019autres activit\u00e9s sportives ou artistiques.<\/p>\n<p>Pratiqu\u00e9 r\u00e9guli\u00e8rement, cet art de sant\u00e9 s\u2019av\u00e8re b\u00e9n\u00e9fique sur diff\u00e9rents niveaux\u00a0:<\/p>\n<ul>\n<li>Il renforce, assouplit et \u00e9quilibre le corps,<\/li>\n<li>Il am\u00e9liore la respiration,<\/li>\n<li>Il favorise d\u00e9tente physique et mentale,<\/li>\n<li>Il permet d\u2019\u00e9tablir une circulation harmonieuse de l\u2019\u00e9nergie vitale.<\/li>\n<\/ul>\n<p><strong>\u00a0<\/strong><\/p>\n<p style=\"text-align: center;\"><strong>LES COURS DE QI GONG ONT LIEU\u00a0:<\/strong><\/p>\n<p style=\"text-align: center;\"><strong>\u00a0<\/strong><strong>Les mardis de 10h00 \u00e0 10h45<\/strong><\/p>\n<p style=\"text-align: center;\"><strong>Au Gymnase Lionel Grossain<\/strong><\/p>\n<p style=\"text-align: center;\"><strong>D\u00e9but des cours le D\u00e9but des cours le 19 septembre<\/strong><\/p>\n<p style=\"text-align: center;\"><strong>Et <\/strong><\/p>\n<p style=\"text-align: center;\"><strong>les mercredi \u00a0de 19h00 \u00e0 19h45<\/strong><\/p>\n<p style=\"text-align: center;\"><strong>A l\u2019\u00e9cole des fleurs<\/strong><\/p>\n<p style=\"text-align: center;\"><strong>4\/6 rue de la Lib\u00e9ration \u00e0 Neuilly sur marne<\/strong><\/p>\n<p style=\"text-align: center;\"><strong>PRIX\u00a0:<\/strong><\/p>\n<p style=\"text-align: center;\"><strong>Cotisation annuelle 27\u20ac + 35\u20ac par trimestre<\/strong><\/p>\n","protected":false},"excerpt":{"rendered":"<p>Le Qi Gong est une pratique corporelle \u2013 pratique de sant\u00e9- issue de la tradition chinoise. Nous pouvons traduire QI par \u00ab\u00a0souffle, \u00e9nergie\u00a0\u00bb et GONG par \u00ab\u00a0ma\u00eetrise, accomplissement\u00a0\u00bb. Il prend en compte l\u2019individu dans sa globalit\u00e9, au niveau corps\/esprit tout en le repla\u00e7ant dans son environnement. Le Qi Gong est accessible \u00e0 tous. Il peut [&hellip;]<\/p>\n","protected":false},"author":1,"featured_media":0,"parent":2,"menu_order":1,"comment_status":"closed","ping_status":"closed","template":"","meta":{"footnotes":""},"class_list":["post-43","page","type-page","status-publish","hentry"],"_links":{"self":[{"href":"https:\/\/taichineuillysurmarne.fr\/index.php?rest_route=\/wp\/v2\/pages\/43"}],"collection":[{"href":"https:\/\/taichineuillysurmarne.fr\/index.php?rest_route=\/wp\/v2\/pages"}],"about":[{"href":"https:\/\/taichineuillysurmarne.fr\/index.php?rest_route=\/wp\/v2\/types\/page"}],"author":[{"embeddable":true,"href":"https:\/\/taichineuillysurmarne.fr\/index.php?rest_route=\/wp\/v2\/users\/1"}],"replies":[{"embeddable":true,"href":"https:\/\/taichineuillysurmarne.fr\/index.php?rest_route=%2Fwp%2Fv2%2Fcomments&post=43"}],"version-history":[{"count":10,"href":"https:\/\/taichineuillysurmarne.fr\/index.php?rest_route=\/wp\/v2\/pages\/43\/revisions"}],"predecessor-version":[{"id":914,"href":"https:\/\/taichineuillysurmarne.fr\/index.php?rest_route=\/wp\/v2\/pages\/43\/revisions\/914"}],"up":[{"embeddable":true,"href":"https:\/\/taichineuillysurmarne.fr\/index.php?rest_route=\/wp\/v2\/pages\/2"}],"wp:attachment":[{"href":"https:\/\/taichineuillysurmarne.fr\/index.php?rest_route=%2Fwp%2Fv2%2Fmedia&parent=43"}],"curies":[{"name":"wp","href":"https:\/\/api.w.org\/{rel}","templated":true}]}}